{"id":26,"date":"2023-04-09T18:09:56","date_gmt":"2023-04-09T21:09:56","guid":{"rendered":"https:\/\/blog.puntorosazines.com\/?page_id=26"},"modified":"2023-04-12T13:36:15","modified_gmt":"2023-04-12T16:36:15","slug":"convocatoria","status":"publish","type":"page","link":"https:\/\/blog.puntorosazines.com\/?page_id=26","title":{"rendered":"Convocatoria"},"content":{"rendered":"<span class=\"rt-reading-time\" style=\"display: block;\"><span class=\"rt-label rt-prefix\">Reading Time: <\/span> <span class=\"rt-time\">&lt; 1<\/span> <span class=\"rt-label rt-postfix\">minute<\/span><\/span>\n<p>Buscamos talentos emergentes y\/o artistas profesionales que quieran publicar sus obras en el blog:<\/p>\n\n\n\n<p><\/p>\n\n\n\n<p>Series\/obras er\u00f3ticas<\/p>\n\n\n\n<p>\u2013 Envia tu material a: puntorosazines@gmail.com<\/p>\n\n\n\n<p>\u2013 Enviar un m\u00ednimo 7 fotos<\/p>\n\n\n\n<p>\u2013 Puede enviarlos en cualquier formato de imagen o video que se pueda abrir<\/p>\n\n\n\n<p>\u2013 Enviar las im\u00e1genes por correo electr\u00f3nico o wetransfer \/ SIN enlace de Google Drive o Dropbox<\/p>\n\n\n\n<p>\u2013 Utilizar una resoluci\u00f3n media m\u00ednima (el lado corto debe tener un m\u00ednimo de 1100 p\u00edxeles) <\/p>\n\n\n\n<p>\u2013 Las historias fotogr\u00e1ficas pueden contener desnudos.<\/p>\n\n\n\n<p>\u2013 Nos gustar\u00eda pedirte que escribas sobre tu serie y\/o sobre ti<\/p>\n\n\n\n<p>\u2013 Debe enviarnos sus enlaces de redes sociales y los de la(s) modelo(s)<\/p>\n\n\n\n<p>\u2013 Si t\u00fa o tu(s) modelo(s) prefieren mantener el anonimato, puedes simplemente usar un apodo o no usar ning\u00fan nombre<\/p>\n\n\n\n<p>\u00a1No hay l\u00edmite de creatividad y desnudez!<\/p>\n\n\n\n<p><strong>Los modelos que se muestran en las im\u00e1genes deben saber que las im\u00e1genes se utilizar\u00e1n en el sitio web y, eventualmente, en las plataformas de redes sociales de Punto Rosa Zines. <\/strong><\/p>\n","protected":false},"excerpt":{"rendered":"<p><span class=\"rt-reading-time\" style=\"display: block;\"><span class=\"rt-label rt-prefix\">Reading Time: <\/span> <span class=\"rt-time\">&lt; 1<\/span> <span class=\"rt-label rt-postfix\">minute<\/span><\/span> Buscamos talentos emergentes y\/o artistas profesionales que quieran publicar sus obras en el blog: Series\/obras er\u00f3ticas \u2013 Envia tu material a: puntorosazines@gmail.com \u2013 Enviar un m\u00ednimo 7 fotos \u2013 Puede enviarlos en cualquier formato de imagen o video que se pueda abrir \u2013 Enviar las im\u00e1genes por correo electr\u00f3nico o wetransfer \/ SIN enlace de [&hellip;]<\/p>\n","protected":false},"author":1,"featured_media":0,"parent":0,"menu_order":0,"comment_status":"closed","ping_status":"closed","template":"","meta":[],"_links":{"self":[{"href":"https:\/\/blog.puntorosazines.com\/index.php?rest_route=\/wp\/v2\/pages\/26"}],"collection":[{"href":"https:\/\/blog.puntorosazines.com\/index.php?rest_route=\/wp\/v2\/pages"}],"about":[{"href":"https:\/\/blog.puntorosazines.com\/index.php?rest_route=\/wp\/v2\/types\/page"}],"author":[{"embeddable":true,"href":"https:\/\/blog.puntorosazines.com\/index.php?rest_route=\/wp\/v2\/users\/1"}],"replies":[{"embeddable":true,"href":"https:\/\/blog.puntorosazines.com\/index.php?rest_route=%2Fwp%2Fv2%2Fcomments&post=26"}],"version-history":[{"count":2,"href":"https:\/\/blog.puntorosazines.com\/index.php?rest_route=\/wp\/v2\/pages\/26\/revisions"}],"predecessor-version":[{"id":55,"href":"https:\/\/blog.puntorosazines.com\/index.php?rest_route=\/wp\/v2\/pages\/26\/revisions\/55"}],"wp:attachment":[{"href":"https:\/\/blog.puntorosazines.com\/index.php?rest_route=%2Fwp%2Fv2%2Fmedia&parent=26"}],"curies":[{"name":"wp","href":"https:\/\/api.w.org\/{rel}","templated":true}]}}